{"id":3712,"date":"2020-03-18T16:43:20","date_gmt":"2020-03-18T15:43:20","guid":{"rendered":"https:\/\/www.agatarakfalska.com\/?page_id=3712"},"modified":"2020-03-18T16:43:20","modified_gmt":"2020-03-18T15:43:20","slug":"darmowe-video-koronawirus-jak-zyc","status":"publish","type":"page","link":"https:\/\/www.agatarakfalska.com\/pl\/darmowe-video-koronawirus-jak-zyc\/","title":{"rendered":"darmowe video koronawirus jak \u017cy\u0107"},"content":{"rendered":"<div class=\"wpb-content-wrapper\"><p>[vc_row][vc_column][vc_column_text]<\/p>\n<h1 style=\"text-align: center;\"><span style=\"color: #68a529;\"><strong>JAK \u017bY\u0106 W CZASACH KORONAWIRUSA?<\/strong><\/span><\/h1>\n<p>[\/vc_column_text][\/vc_column][\/vc_row][vc_row][vc_column width=&#8221;1\/3&#8243;][vc_empty_space height=&#8221;100px&#8221;][vc_empty_space][vc_column_text]<\/p>\n<div class=\"hr-thick\"><\/div>\n<p><img loading=\"lazy\" decoding=\"async\" class=\"aligncenter wp-image-3707 size-full\" src=\"https:\/\/www.agatarakfalska.com\/wp-content\/uploads\/2020\/03\/Agata-RV-foto-di-profilo.jpg\" alt=\"\" width=\"724\" height=\"720\" srcset=\"https:\/\/www.agatarakfalska.com\/wp-content\/uploads\/2020\/03\/Agata-RV-foto-di-profilo.jpg 724w, https:\/\/www.agatarakfalska.com\/wp-content\/uploads\/2020\/03\/Agata-RV-foto-di-profilo-150x150.jpg 150w, https:\/\/www.agatarakfalska.com\/wp-content\/uploads\/2020\/03\/Agata-RV-foto-di-profilo-300x298.jpg 300w, https:\/\/www.agatarakfalska.com\/wp-content\/uploads\/2020\/03\/Agata-RV-foto-di-profilo-600x597.jpg 600w, https:\/\/www.agatarakfalska.com\/wp-content\/uploads\/2020\/03\/Agata-RV-foto-di-profilo-200x200.jpg 200w, https:\/\/www.agatarakfalska.com\/wp-content\/uploads\/2020\/03\/Agata-RV-foto-di-profilo-45x45.jpg 45w\" sizes=\"auto, (max-width: 724px) 100vw, 724px\" \/>[\/vc_column_text][\/vc_column][vc_column width=&#8221;2\/3&#8243;][vc_empty_space height=&#8221;50px&#8221;][vc_column_text]<\/p>\n<h4 style=\"text-align: center;\">Z dnia na dzie\u0144 wszyscy znale\u017ali\u015bmy si\u0119 w tej samej sytuacji.<br \/>\nCzy to we W\u0142oszech, gdzie mieszkam, czy w Polsce, gdzie mam rodzin\u0119, czy w Anglii, gdzie mam przyjaci\u00f3\u0142.<\/h4>\n<h4 style=\"text-align: center;\">Jestem psychologiem i strategicznym psychoterapeutk\u0105, kt\u00f3ra od 23 lutego znajduje si\u0119 na kwarantannie. Do 3 kwietnia mamy nie wychodzi\u0107 z domu i z nikim si\u0119 nie widywa\u0107. Jak b\u0119dzie dalej, zobaczymy.<\/h4>\n<h4 style=\"text-align: center;\">Poni\u017cej znajdziesz psychologiczne wskaz\u00f3wki, jak najlepiej i najzdrowiej przetrwa\u0107 w tej kryzysowej sytuacji.<br \/>\nDziel\u0119 si\u0119 z wami moimi przemy\u015bleniami, psychologicznymi strategiami, kt\u00f3re s\u0105 wynikiem mojego klinicznego do\u015bwiadczenia i rozumienia ludzkich zachowa\u0144.<\/h4>\n<h4 style=\"text-align: center;\">Lekarze i piel\u0119gniarki dbaj\u0105 o nasze zdrowie.<br \/>\nPozw\u00f3l mi zadba\u0107 o Twoje zdrowie psychiczne!<\/h4>\n<h4 style=\"text-align: center;\">Aby dosta\u0107 dost\u0119p do film\u00f3w, kt\u00f3re dla was nagra\u0142am i codziennie uaktualniam, zarejestruj si\u0119 tutaj:<\/h4>\n<h4><div class=\"gap\" style=\"line-height: 10px; height: 10px;\"><\/div><\/h4>\n<p>[\/vc_column_text][vc_column_text]<\/p>\n<p style=\"text-align: center;\">                <div class=\"ml-form-embed\"\n                     data-account=\"1931448:q1v0n3t8c2\"\n                     data-form=\"1844244:n0l1s8\">\n                <\/div>\n<p>[\/vc_column_text][vc_empty_space][vc_column_text]<\/p>\n<h3 style=\"text-align: center;\">Udost\u0119pnij t\u0119 stron\u0119 swoim znajomym i rodzinie, aby tak\u017ce oni mogli przygotowa\u0107 si\u0119 psychologicznie na ten trudny dla wszystkich czas.<\/h3>\n<p style=\"text-align: center;\">Pozdrawiam ciep\u0142o z W\u0142och, gdzie nadal walczymy!<br \/>\nmgr Agata Rakfalska Vallicelli<\/p>\n<p>[\/vc_column_text][\/vc_column][\/vc_row]<\/p>\n<\/div>","protected":false},"excerpt":{"rendered":"<p>[vc_row][vc_column][vc_column_text] JAK \u017bY\u0106 W CZASACH KORONAWIRUSA? [\/vc_column_text][\/vc_column][\/vc_row][vc_row][vc_column width=&#8221;1\/3&#8243;][vc_empty_space height=&#8221;100px&#8221;][vc_empty_space][vc_column_text] [\/vc_column_text][\/vc_column][vc_column width=&#8221;2\/3&#8243;][vc_empty_space height=&#8221;50px&#8221;][vc_column_text] Z dnia na dzie\u0144 wszyscy znale\u017ali\u015bmy si\u0119 w tej samej sytuacji. Czy to we W\u0142oszech, gdzie mieszkam, czy w Polsce, gdzie mam rodzin\u0119, czy w Anglii, gdzie mam przyjaci\u00f3\u0142. Jestem psychologiem i strategicznym psychoterapeutk\u0105, kt\u00f3ra od 23 lutego znajduje si\u0119 na kwarantannie. Do&hellip;<\/p>\n","protected":false},"author":3,"featured_media":0,"parent":0,"menu_order":0,"comment_status":"closed","ping_status":"closed","template":"template-microsite.php","meta":{"_acf_changed":false,"footnotes":""},"class_list":["post-3712","page","type-page","status-publish","hentry","description-off"],"acf":[],"yoast_head":"<!-- This site is optimized with the Yoast SEO plugin v27.4 - https:\/\/yoast.com\/product\/yoast-seo-wordpress\/ -->\n<title>darmowe video koronawirus jak \u017cy\u0107 - Agata Rakfalska<\/title>\n<meta name=\"robots\" content=\"index, follow, max-snippet:-1, max-image-preview:large, max-video-preview:-1\" \/>\n<link rel=\"canonical\" href=\"https:\/\/www.agatarakfalska.com\/pl\/darmowe-video-koronawirus-jak-zyc\/\" \/>\n<meta property=\"og:locale\" content=\"pl_PL\" \/>\n<meta property=\"og:type\" content=\"article\" \/>\n<meta property=\"og:title\" content=\"darmowe video koronawirus jak \u017cy\u0107 - Agata Rakfalska\" \/>\n<meta property=\"og:description\" content=\"[vc_row][vc_column][vc_column_text] JAK \u017bY\u0106 W CZASACH KORONAWIRUSA? [\/vc_column_text][\/vc_column][\/vc_row][vc_row][vc_column width=&#8221;1\/3&#8243;][vc_empty_space height=&#8221;100px&#8221;][vc_empty_space][vc_column_text] [\/vc_column_text][\/vc_column][vc_column width=&#8221;2\/3&#8243;][vc_empty_space height=&#8221;50px&#8221;][vc_column_text] Z dnia na dzie\u0144 wszyscy znale\u017ali\u015bmy si\u0119 w tej samej sytuacji. Czy to we W\u0142oszech, gdzie mieszkam, czy w Polsce, gdzie mam rodzin\u0119, czy w Anglii, gdzie mam przyjaci\u00f3\u0142. Jestem psychologiem i strategicznym psychoterapeutk\u0105, kt\u00f3ra od 23 lutego znajduje si\u0119 na kwarantannie. Do&hellip;\" \/>\n<meta property=\"og:url\" content=\"https:\/\/www.agatarakfalska.com\/pl\/darmowe-video-koronawirus-jak-zyc\/\" \/>\n<meta property=\"og:site_name\" content=\"Agata Rakfalska\" \/>\n<meta property=\"article:publisher\" content=\"https:\/\/www.facebook.com\/PsicoterapiaBreveStrategicaModena\/\" \/>\n<meta property=\"og:image\" content=\"https:\/\/www.agatarakfalska.com\/wp-content\/uploads\/2020\/03\/Agata-RV-foto-di-profilo.jpg\" \/>\n<meta name=\"twitter:card\" content=\"summary_large_image\" \/>\n<meta name=\"twitter:label1\" content=\"Szacowany czas czytania\" \/>\n\t<meta name=\"twitter:data1\" content=\"1 minuta\" \/>\n<script type=\"application\/ld+json\" class=\"yoast-schema-graph\">{\"@context\":\"https:\\\/\\\/schema.org\",\"@graph\":[{\"@type\":\"WebPage\",\"@id\":\"https:\\\/\\\/www.agatarakfalska.com\\\/pl\\\/darmowe-video-koronawirus-jak-zyc\\\/\",\"url\":\"https:\\\/\\\/www.agatarakfalska.com\\\/pl\\\/darmowe-video-koronawirus-jak-zyc\\\/\",\"name\":\"darmowe video koronawirus jak \u017cy\u0107 - Agata Rakfalska\",\"isPartOf\":{\"@id\":\"https:\\\/\\\/www.agatarakfalska.com\\\/pl\\\/#website\"},\"primaryImageOfPage\":{\"@id\":\"https:\\\/\\\/www.agatarakfalska.com\\\/pl\\\/darmowe-video-koronawirus-jak-zyc\\\/#primaryimage\"},\"image\":{\"@id\":\"https:\\\/\\\/www.agatarakfalska.com\\\/pl\\\/darmowe-video-koronawirus-jak-zyc\\\/#primaryimage\"},\"thumbnailUrl\":\"https:\\\/\\\/www.agatarakfalska.com\\\/wp-content\\\/uploads\\\/2020\\\/03\\\/Agata-RV-foto-di-profilo.jpg\",\"datePublished\":\"2020-03-18T15:43:20+00:00\",\"breadcrumb\":{\"@id\":\"https:\\\/\\\/www.agatarakfalska.com\\\/pl\\\/darmowe-video-koronawirus-jak-zyc\\\/#breadcrumb\"},\"inLanguage\":\"pl-PL\",\"potentialAction\":[{\"@type\":\"ReadAction\",\"target\":[\"https:\\\/\\\/www.agatarakfalska.com\\\/pl\\\/darmowe-video-koronawirus-jak-zyc\\\/\"]}]},{\"@type\":\"ImageObject\",\"inLanguage\":\"pl-PL\",\"@id\":\"https:\\\/\\\/www.agatarakfalska.com\\\/pl\\\/darmowe-video-koronawirus-jak-zyc\\\/#primaryimage\",\"url\":\"https:\\\/\\\/www.agatarakfalska.com\\\/wp-content\\\/uploads\\\/2020\\\/03\\\/Agata-RV-foto-di-profilo.jpg\",\"contentUrl\":\"https:\\\/\\\/www.agatarakfalska.com\\\/wp-content\\\/uploads\\\/2020\\\/03\\\/Agata-RV-foto-di-profilo.jpg\"},{\"@type\":\"BreadcrumbList\",\"@id\":\"https:\\\/\\\/www.agatarakfalska.com\\\/pl\\\/darmowe-video-koronawirus-jak-zyc\\\/#breadcrumb\",\"itemListElement\":[{\"@type\":\"ListItem\",\"position\":1,\"name\":\"Home\",\"item\":\"https:\\\/\\\/www.agatarakfalska.com\\\/pl\\\/\"},{\"@type\":\"ListItem\",\"position\":2,\"name\":\"darmowe video koronawirus jak \u017cy\u0107\"}]},{\"@type\":\"WebSite\",\"@id\":\"https:\\\/\\\/www.agatarakfalska.com\\\/pl\\\/#website\",\"url\":\"https:\\\/\\\/www.agatarakfalska.com\\\/pl\\\/\",\"name\":\"Agata Rakfalska\",\"description\":\"Psicologa-Psicoterapeuta Breve Strategica\",\"potentialAction\":[{\"@type\":\"SearchAction\",\"target\":{\"@type\":\"EntryPoint\",\"urlTemplate\":\"https:\\\/\\\/www.agatarakfalska.com\\\/pl\\\/?s={search_term_string}\"},\"query-input\":{\"@type\":\"PropertyValueSpecification\",\"valueRequired\":true,\"valueName\":\"search_term_string\"}}],\"inLanguage\":\"pl-PL\"}]}<\/script>\n<!-- \/ Yoast SEO plugin. -->","yoast_head_json":{"title":"darmowe video koronawirus jak \u017cy\u0107 - Agata Rakfalska","robots":{"index":"index","follow":"follow","max-snippet":"max-snippet:-1","max-image-preview":"max-image-preview:large","max-video-preview":"max-video-preview:-1"},"canonical":"https:\/\/www.agatarakfalska.com\/pl\/darmowe-video-koronawirus-jak-zyc\/","og_locale":"pl_PL","og_type":"article","og_title":"darmowe video koronawirus jak \u017cy\u0107 - Agata Rakfalska","og_description":"[vc_row][vc_column][vc_column_text] JAK \u017bY\u0106 W CZASACH KORONAWIRUSA? [\/vc_column_text][\/vc_column][\/vc_row][vc_row][vc_column width=&#8221;1\/3&#8243;][vc_empty_space height=&#8221;100px&#8221;][vc_empty_space][vc_column_text] [\/vc_column_text][\/vc_column][vc_column width=&#8221;2\/3&#8243;][vc_empty_space height=&#8221;50px&#8221;][vc_column_text] Z dnia na dzie\u0144 wszyscy znale\u017ali\u015bmy si\u0119 w tej samej sytuacji. Czy to we W\u0142oszech, gdzie mieszkam, czy w Polsce, gdzie mam rodzin\u0119, czy w Anglii, gdzie mam przyjaci\u00f3\u0142. Jestem psychologiem i strategicznym psychoterapeutk\u0105, kt\u00f3ra od 23 lutego znajduje si\u0119 na kwarantannie. Do&hellip;","og_url":"https:\/\/www.agatarakfalska.com\/pl\/darmowe-video-koronawirus-jak-zyc\/","og_site_name":"Agata Rakfalska","article_publisher":"https:\/\/www.facebook.com\/PsicoterapiaBreveStrategicaModena\/","og_image":[{"url":"https:\/\/www.agatarakfalska.com\/wp-content\/uploads\/2020\/03\/Agata-RV-foto-di-profilo.jpg","type":"","width":"","height":""}],"twitter_card":"summary_large_image","twitter_misc":{"Szacowany czas czytania":"1 minuta"},"schema":{"@context":"https:\/\/schema.org","@graph":[{"@type":"WebPage","@id":"https:\/\/www.agatarakfalska.com\/pl\/darmowe-video-koronawirus-jak-zyc\/","url":"https:\/\/www.agatarakfalska.com\/pl\/darmowe-video-koronawirus-jak-zyc\/","name":"darmowe video koronawirus jak \u017cy\u0107 - Agata Rakfalska","isPartOf":{"@id":"https:\/\/www.agatarakfalska.com\/pl\/#website"},"primaryImageOfPage":{"@id":"https:\/\/www.agatarakfalska.com\/pl\/darmowe-video-koronawirus-jak-zyc\/#primaryimage"},"image":{"@id":"https:\/\/www.agatarakfalska.com\/pl\/darmowe-video-koronawirus-jak-zyc\/#primaryimage"},"thumbnailUrl":"https:\/\/www.agatarakfalska.com\/wp-content\/uploads\/2020\/03\/Agata-RV-foto-di-profilo.jpg","datePublished":"2020-03-18T15:43:20+00:00","breadcrumb":{"@id":"https:\/\/www.agatarakfalska.com\/pl\/darmowe-video-koronawirus-jak-zyc\/#breadcrumb"},"inLanguage":"pl-PL","potentialAction":[{"@type":"ReadAction","target":["https:\/\/www.agatarakfalska.com\/pl\/darmowe-video-koronawirus-jak-zyc\/"]}]},{"@type":"ImageObject","inLanguage":"pl-PL","@id":"https:\/\/www.agatarakfalska.com\/pl\/darmowe-video-koronawirus-jak-zyc\/#primaryimage","url":"https:\/\/www.agatarakfalska.com\/wp-content\/uploads\/2020\/03\/Agata-RV-foto-di-profilo.jpg","contentUrl":"https:\/\/www.agatarakfalska.com\/wp-content\/uploads\/2020\/03\/Agata-RV-foto-di-profilo.jpg"},{"@type":"BreadcrumbList","@id":"https:\/\/www.agatarakfalska.com\/pl\/darmowe-video-koronawirus-jak-zyc\/#breadcrumb","itemListElement":[{"@type":"ListItem","position":1,"name":"Home","item":"https:\/\/www.agatarakfalska.com\/pl\/"},{"@type":"ListItem","position":2,"name":"darmowe video koronawirus jak \u017cy\u0107"}]},{"@type":"WebSite","@id":"https:\/\/www.agatarakfalska.com\/pl\/#website","url":"https:\/\/www.agatarakfalska.com\/pl\/","name":"Agata Rakfalska","description":"Psicologa-Psicoterapeuta Breve Strategica","potentialAction":[{"@type":"SearchAction","target":{"@type":"EntryPoint","urlTemplate":"https:\/\/www.agatarakfalska.com\/pl\/?s={search_term_string}"},"query-input":{"@type":"PropertyValueSpecification","valueRequired":true,"valueName":"search_term_string"}}],"inLanguage":"pl-PL"}]}},"_links":{"self":[{"href":"https:\/\/www.agatarakfalska.com\/pl\/wp-json\/wp\/v2\/pages\/3712","targetHints":{"allow":["GET"]}}],"collection":[{"href":"https:\/\/www.agatarakfalska.com\/pl\/wp-json\/wp\/v2\/pages"}],"about":[{"href":"https:\/\/www.agatarakfalska.com\/pl\/wp-json\/wp\/v2\/types\/page"}],"author":[{"embeddable":true,"href":"https:\/\/www.agatarakfalska.com\/pl\/wp-json\/wp\/v2\/users\/3"}],"replies":[{"embeddable":true,"href":"https:\/\/www.agatarakfalska.com\/pl\/wp-json\/wp\/v2\/comments?post=3712"}],"version-history":[{"count":0,"href":"https:\/\/www.agatarakfalska.com\/pl\/wp-json\/wp\/v2\/pages\/3712\/revisions"}],"wp:attachment":[{"href":"https:\/\/www.agatarakfalska.com\/pl\/wp-json\/wp\/v2\/media?parent=3712"}],"curies":[{"name":"wp","href":"https:\/\/api.w.org\/{rel}","templated":true}]}}